{"id":4409,"date":"2024-10-03T09:25:28","date_gmt":"2024-10-03T07:25:28","guid":{"rendered":"https:\/\/esport.sze.hu\/?page_id=4409"},"modified":"2024-10-04T15:40:59","modified_gmt":"2024-10-04T13:40:59","slug":"teremfoglaltsag","status":"publish","type":"page","link":"https:\/\/esport.sze.hu\/en\/teremfoglaltsag\/","title":{"rendered":"Teremfoglalts\u00e1g"},"content":{"rendered":"<div class=\"fusion-fullwidth fullwidth-box fusion-builder-row-1 fusion-flex-container has-pattern-background has-mask-background resp-text nonhundred-percent-fullwidth non-hundred-percent-height-scrolling\" style=\"--awb-border-radius-top-left:0px;--awb-border-radius-top-right:0px;--awb-border-radius-bottom-right:0px;--awb-border-radius-bottom-left:0px;--awb-padding-top:40px;--awb-padding-bottom:40px;--awb-margin-top:0px;--awb-margin-bottom:0px;--awb-background-color:var(--awb-color8);--awb-flex-wrap:wrap;\" ><div class=\"awb-background-mask\" style=\"background-image:  url(data:image\/svg+xml;utf8,%3Csvg%20width%3D%221920%22%20height%3D%22954%22%20fill%3D%22none%22%20xmlns%3D%22http%3A%2F%2Fwww.w3.org%2F2000%2Fsvg%22%3E%3Cpath%20fill-rule%3D%22evenodd%22%20clip-rule%3D%22evenodd%22%20d%3D%22M1920%20615.353V340.175l-137.59%20137.589L1920%20615.353zM1919.24%20954l-167.18-167.177-139.35-139.353L1443%20477.764l169.71-169.706%20139.35-139.352L1920%20.764V0h-137.19L1345%20437.812%20907.188%200H0v954h907l84.447-84.447%20268.703-268.7L1345%20516l84.85%2084.853%20268.7%20268.7L1783%20954h136.24zM1345%20685.706L1613.29%20954H1526l-138.57-138.574L1345%20773l-42.43%2042.426L1164%20954h-87.29L1345%20685.706zM1248.85%20954l96.15-96.147L1441.15%20954h-192.3z%22%20fill%3D%22rgba%2814%2C16%2C26%2C1%29%22%2F%3E%3C%2Fsvg%3E);opacity: 1 ;transform: scale(-1, 1);mix-blend-mode:normal;\"><\/div><div class=\"fusion-builder-row fusion-row fusion-flex-align-items-stretch fusion-flex-content-wrap\" style=\"max-width:1420.64px;margin-left: calc(-4% \/ 2 );margin-right: calc(-4% \/ 2 );\"><div class=\"fusion-layout-column fusion_builder_column fusion-builder-column-0 fusion_builder_column_3_5 3_5 fusion-flex-column\" style=\"--awb-bg-size:cover;--awb-width-large:60%;--awb-margin-top-large:0px;--awb-spacing-right-large:3.2%;--awb-margin-bottom-large:40px;--awb-spacing-left-large:3.2%;--awb-width-medium:60%;--awb-order-medium:0;--awb-spacing-right-medium:3.2%;--awb-spacing-left-medium:3.2%;--awb-width-small:100%;--awb-order-small:0;--awb-spacing-right-small:1.92%;--awb-spacing-left-small:1.92%;\"><div class=\"fusion-column-wrapper fusion-column-has-shadow fusion-flex-justify-content-flex-start fusion-content-layout-column\"><div class=\"fusion-title title fusion-title-1 sep-underline sep-solid fusion-title-text fusion-title-size-two\" style=\"--awb-text-color:var(--awb-color2);--awb-sep-color:var(--awb-color7);\"><h2 class=\"fusion-title-heading title-heading-left fusion-responsive-typography-calculated\" style=\"margin:0;text-transform:uppercase;--fontSize:38;line-height:var(--awb-typography1-line-height);\">E-Sport Terem 1<\/h2><\/div><div class=\"fusion-text fusion-text-1 resp-text\" style=\"--awb-content-alignment:justify;--awb-font-size:22px;--awb-text-color:var(--awb-color1);--awb-text-font-family:var(--awb-typography3-font-family);--awb-text-font-weight:var(--awb-typography3-font-weight);--awb-text-font-style:var(--awb-typography3-font-style);\">    <div class=\"gepfoglaltsag\" data-url=\"https:\/\/teremesport.kajex.hu\/statusz_terem1.php\">\r\n        <p><strong>\u00d6sszes \/ Szabad:<\/strong> 8 \/ <\/strong> 7<\/p>\r\n        <table>\r\n            <!--<thead>\r\n                <tr>\r\n                    <th>ID<\/th>\r\n                    <th>N\u00e9v<\/th>\r\n                    <th>St\u00e1tusz<\/th>\r\n                <\/tr>\r\n            <\/thead>-->\r\n            <tbody>\r\n                                    <tr>\r\n                        <!--<td>6<\/td>-->\r\n                        <td>PC-A-01<\/td>\r\n                        <td class=\"esport-free\">Szabad<\/td>\r\n                    <\/tr>\r\n                                    <tr>\r\n                        <!--<td>7<\/td>-->\r\n                        <td>PC-A-02<\/td>\r\n                        <td class=\"esport-free\">Szabad<\/td>\r\n                    <\/tr>\r\n                                    <tr>\r\n                        <!--<td>8<\/td>-->\r\n                        <td>PC-A-03<\/td>\r\n                        <td class=\"esport-free\">Szabad<\/td>\r\n                    <\/tr>\r\n                                    <tr>\r\n                        <!--<td>9<\/td>-->\r\n                        <td>PC-A-04<\/td>\r\n                        <td class=\"esport-free\">Szabad<\/td>\r\n                    <\/tr>\r\n                                    <tr>\r\n                        <!--<td>10<\/td>-->\r\n                        <td>PC-A-05<\/td>\r\n                        <td class=\"esport-free\">Szabad<\/td>\r\n                    <\/tr>\r\n                                    <tr>\r\n                        <!--<td>11<\/td>-->\r\n                        <td>PC-A-06<\/td>\r\n                        <td class=\"esport-not-free\">Foglalt<\/td>\r\n                    <\/tr>\r\n                                    <tr>\r\n                        <!--<td>12<\/td>-->\r\n                        <td>PC-A-07<\/td>\r\n                        <td class=\"esport-free\">Szabad<\/td>\r\n                    <\/tr>\r\n                                    <tr>\r\n                        <!--<td>13<\/td>-->\r\n                        <td>PC-A-08<\/td>\r\n                        <td class=\"esport-free\">Szabad<\/td>\r\n                    <\/tr>\r\n                            <\/tbody>\r\n        <\/table>\r\n        <p class=\"esport-server-status-timestamp\"><strong>Utols\u00f3 friss\u00edt\u00e9s:<br><\/strong> 2026-05-01 16:26:28<\/p>\r\n    <\/div>\r\n    \n<\/div><\/div><\/div><div class=\"fusion-layout-column fusion_builder_column fusion-builder-column-1 fusion_builder_column_2_5 2_5 fusion-flex-column fusion-flex-align-self-stretch\" style=\"--awb-bg-position:center center;--awb-bg-size:cover;--awb-width-large:40%;--awb-margin-top-large:0px;--awb-spacing-right-large:4.8%;--awb-margin-bottom-large:40px;--awb-spacing-left-large:4.8%;--awb-width-medium:40%;--awb-order-medium:0;--awb-spacing-right-medium:4.8%;--awb-spacing-left-medium:4.8%;--awb-width-small:100%;--awb-order-small:0;--awb-spacing-right-small:1.92%;--awb-spacing-left-small:1.92%;\" data-scroll-devices=\"small-visibility,medium-visibility,large-visibility\"><div class=\"fusion-column-wrapper lazyload fusion-column-has-shadow fusion-flex-justify-content-flex-start fusion-content-layout-column fusion-empty-column-bg-image fusion-column-has-bg-image\" data-bg-url=\"https:\/\/esport.sze.hu\/wp-content\/uploads\/szese-e-sport-tobb-mint-jatekterem-2.webp\" data-bg=\"https:\/\/esport.sze.hu\/wp-content\/uploads\/szese-e-sport-tobb-mint-jatekterem-2.webp\"><img decoding=\"async\" class=\"fusion-empty-dims-img-placeholder fusion-no-large-visibility fusion-no-medium-visibility\" alt=\"szese e sport tobb mint jatekterem 2\" aria-label=\"szese e sport tobb mint jatekterem 2\" src=\"data:image\/svg+xml,%3Csvg%20xmlns%3D%27http%3A%2F%2Fwww.w3.org%2F2000%2Fsvg%27%20width%3D%271080%27%20height%3D%271080%27%20viewBox%3D%270%200%201080%201080%27%3E%3Crect%20width%3D%271080%27%20height%3D%271080%27%20fill-opacity%3D%220%22%2F%3E%3C%2Fsvg%3E\"><\/div><\/div><\/div><\/div>","protected":false},"excerpt":{"rendered":"","protected":false},"author":4,"featured_media":0,"parent":0,"menu_order":0,"comment_status":"closed","ping_status":"closed","template":"100-width.php","meta":{"_acf_changed":false,"_monsterinsights_skip_tracking":false,"_monsterinsights_sitenote_active":false,"_monsterinsights_sitenote_note":"","_monsterinsights_sitenote_category":0,"_price":"","_stock":"","_tribe_ticket_header":"","_tribe_default_ticket_provider":"","_tribe_ticket_capacity":"0","_ticket_start_date":"","_ticket_end_date":"","_tribe_ticket_show_description":"","_tribe_ticket_show_not_going":false,"_tribe_ticket_use_global_stock":"","_tribe_ticket_global_stock_level":"","_global_stock_mode":"","_global_stock_cap":"","_tribe_rsvp_for_event":"","_tribe_ticket_going_count":"","_tribe_ticket_not_going_count":"","_tribe_tickets_list":"[]","_tribe_ticket_has_attendee_info_fields":false,"footnotes":""},"class_list":["post-4409","page","type-page","status-publish","hentry"],"acf":[],"aioseo_notices":[],"_links":{"self":[{"href":"https:\/\/esport.sze.hu\/en\/wp-json\/wp\/v2\/pages\/4409","targetHints":{"allow":["GET"]}}],"collection":[{"href":"https:\/\/esport.sze.hu\/en\/wp-json\/wp\/v2\/pages"}],"about":[{"href":"https:\/\/esport.sze.hu\/en\/wp-json\/wp\/v2\/types\/page"}],"author":[{"embeddable":true,"href":"https:\/\/esport.sze.hu\/en\/wp-json\/wp\/v2\/users\/4"}],"replies":[{"embeddable":true,"href":"https:\/\/esport.sze.hu\/en\/wp-json\/wp\/v2\/comments?post=4409"}],"version-history":[{"count":8,"href":"https:\/\/esport.sze.hu\/en\/wp-json\/wp\/v2\/pages\/4409\/revisions"}],"predecessor-version":[{"id":4419,"href":"https:\/\/esport.sze.hu\/en\/wp-json\/wp\/v2\/pages\/4409\/revisions\/4419"}],"wp:attachment":[{"href":"https:\/\/esport.sze.hu\/en\/wp-json\/wp\/v2\/media?parent=4409"}],"curies":[{"name":"wp","href":"https:\/\/api.w.org\/{rel}","templated":true}]}}