{"id":3366,"date":"2024-08-15T12:15:47","date_gmt":"2024-08-15T10:15:47","guid":{"rendered":"https:\/\/esport.sze.hu\/?page_id=3366"},"modified":"2024-09-09T12:20:42","modified_gmt":"2024-09-09T10:20:42","slug":"weboldal-terkep","status":"publish","type":"page","link":"https:\/\/esport.sze.hu\/en\/weboldal-terkep\/","title":{"rendered":"Weboldal t\u00e9rk\u00e9p"},"content":{"rendered":"<div class=\"fusion-fullwidth fullwidth-box fusion-builder-row-1 fusion-flex-container has-pattern-background has-mask-background resp-text nonhundred-percent-fullwidth non-hundred-percent-height-scrolling\" style=\"--awb-border-radius-top-left:0px;--awb-border-radius-top-right:0px;--awb-border-radius-bottom-right:0px;--awb-border-radius-bottom-left:0px;--awb-padding-top:40px;--awb-padding-bottom:40px;--awb-margin-top:0px;--awb-margin-bottom:0px;--awb-background-color:var(--awb-color8);--awb-flex-wrap:wrap;\" ><div class=\"awb-background-mask\" style=\"background-image:  url(data:image\/svg+xml;utf8,%3Csvg%20width%3D%221920%22%20height%3D%22954%22%20fill%3D%22none%22%20xmlns%3D%22http%3A%2F%2Fwww.w3.org%2F2000%2Fsvg%22%3E%3Cpath%20fill-rule%3D%22evenodd%22%20clip-rule%3D%22evenodd%22%20d%3D%22M1920%20615.353V340.175l-137.59%20137.589L1920%20615.353zM1919.24%20954l-167.18-167.177-139.35-139.353L1443%20477.764l169.71-169.706%20139.35-139.352L1920%20.764V0h-137.19L1345%20437.812%20907.188%200H0v954h907l84.447-84.447%20268.703-268.7L1345%20516l84.85%2084.853%20268.7%20268.7L1783%20954h136.24zM1345%20685.706L1613.29%20954H1526l-138.57-138.574L1345%20773l-42.43%2042.426L1164%20954h-87.29L1345%20685.706zM1248.85%20954l96.15-96.147L1441.15%20954h-192.3z%22%20fill%3D%22rgba%2814%2C16%2C26%2C1%29%22%2F%3E%3C%2Fsvg%3E);opacity: 1 ;transform: scale(-1, 1);mix-blend-mode:normal;\"><\/div><div class=\"fusion-builder-row fusion-row fusion-flex-align-items-stretch fusion-flex-content-wrap\" style=\"max-width:1420.64px;margin-left: calc(-4% \/ 2 );margin-right: calc(-4% \/ 2 );\"><div class=\"fusion-layout-column fusion_builder_column fusion-builder-column-0 fusion_builder_column_1_2 1_2 fusion-flex-column\" style=\"--awb-bg-size:cover;--awb-width-large:50%;--awb-margin-top-large:0px;--awb-spacing-right-large:3.84%;--awb-margin-bottom-large:40px;--awb-spacing-left-large:3.84%;--awb-width-medium:50%;--awb-order-medium:0;--awb-spacing-right-medium:3.84%;--awb-spacing-left-medium:3.84%;--awb-width-small:100%;--awb-order-small:0;--awb-spacing-right-small:1.92%;--awb-spacing-left-small:1.92%;\"><div class=\"fusion-column-wrapper fusion-column-has-shadow fusion-flex-justify-content-flex-start fusion-content-layout-column\"><div class=\"fusion-text fusion-text-1 white white-link\" style=\"--awb-content-alignment:justify;--awb-font-size:22px;--awb-text-color:var(--awb-color1);--awb-text-font-family:var(--awb-typography3-font-family);--awb-text-font-weight:var(--awb-typography3-font-weight);--awb-text-font-style:var(--awb-typography3-font-style);\"><div class=\"aioseo-html-sitemap\"><style>.aioseo-html-sitemap.labels-hidden ul { margin: 0; }<\/style><div class=\"aioseo-html-post-sitemap\"><h4>Posts<\/h4><ul><li><a href=\"https:\/\/esport.sze.hu\/en\/rendezvenyek\/educatio-2024\/\" >EDUCATIO 2024<\/a><\/li><li><a href=\"https:\/\/esport.sze.hu\/en\/rendezvenyek\/samsunggamer-racing-day\/\" >#SamsunGGamer Racing Day<\/a><\/li><li><a href=\"https:\/\/esport.sze.hu\/en\/eredmenyek\/palla-balazs-2-bajnoki-cim-4-dobogo-2023-ban\/\" >P\u00e1lla Bal\u00e1zs: 2 bajnoki c\u00edm, 4 dobog\u00f3 2023-ban<\/a><\/li><li><a href=\"https:\/\/esport.sze.hu\/en\/rendezvenyek\/nyitott-kapuk-2024\/\" >Nyitott Kapuk 2024<\/a><\/li><li><a href=\"https:\/\/esport.sze.hu\/en\/rendezvenyek\/ujra-gyorben-a-playit-show\/\" >\u00dajra Gy\u0151rben\u00a0a PlayIT Show<\/a><\/li><li><a href=\"https:\/\/esport.sze.hu\/en\/rendezvenyek\/ismet-indul-a-kh-egyetemi-e-sport-kupa\/\" >Ism\u00e9t indul a K&amp;H Egyetemi E-sport Kupa!<\/a><\/li><li><a href=\"https:\/\/esport.sze.hu\/en\/rendezvenyek\/a-counter-strike-regisztracio-elindult\/\" >A Counter-Strike 2 regisztr\u00e1ci\u00f3 elindult!<\/a><\/li><li><a href=\"https:\/\/esport.sze.hu\/en\/rendezvenyek\/ogex-2024\/\" >OGEX 2024<\/a><\/li><li><a href=\"https:\/\/esport.sze.hu\/en\/rendezvenyek\/a-mefob-fesztival-legjobbjai\/\" >A MEFOB Fesztiv\u00e1l legjobbjai<\/a><\/li><li><a href=\"https:\/\/esport.sze.hu\/en\/rendezvenyek\/nagyot-szolt-a-local-hero-tour-gyorben\/\" >Nagyot sz\u00f3lt a Local Hero Tour Gy\u0151rben!<\/a><\/li><li><a href=\"https:\/\/esport.sze.hu\/en\/rendezvenyek\/ilyen-volt-a-2024-es-playit-show-gyorben\/\" >Ilyen volt a 2024-es PlayIT Show Gy\u0151rben.<\/a><\/li><li><a href=\"https:\/\/esport.sze.hu\/en\/egyeb\/hatszoros-kamioneuropabajnok-kissnorbi-e-sport\/\" >Hatszoros kamion-Eur\u00f3pa-bajnok er\u0151s\u00edti a SZESE profi e-sport csapat\u00e1t<\/a><\/li><li><a href=\"https:\/\/esport.sze.hu\/en\/egyeb\/egyuttmukodesi-megallapodast-kotott-szehonved\/\" >Egy\u00fcttm\u0171k\u00f6d\u00e9si meg\u00e1llapod\u00e1st k\u00f6t\u00f6tt a Sz\u00e9chenyi Istv\u00e1n Egyetem \u00e9s a Budapesti Honv\u00e9d Sportegyes\u00fclet<\/a><\/li><li><a href=\"https:\/\/esport.sze.hu\/en\/eredmenyek\/2025-kh-egyetemi-e-sportkupa\/\" >Ez t\u00f6bb, mint j\u00e1t\u00e9k \u2013 Sz\u00e9chenyi Istv\u00e1n Egyetem a K&#038;H Egyetemi E-sport Kupa LAN d\u00f6nt\u0151j\u00e9ben<\/a><\/li><li><a href=\"https:\/\/esport.sze.hu\/en\/rendezvenyek\/2025-ogex-gyor-gamer-elmeny-a-szechenyin\/\" >2025 OGEX Gy\u0151r \u2013 Gamer \u00e9lm\u00e9ny a Sz\u00e9chenyin!<\/a><\/li><li><a href=\"https:\/\/esport.sze.hu\/en\/eredmenyek\/gyozelem-es-nemzetkozi-elismeres-nagy-sikerrel-zarta-a-szechenyi-istvan-egyetem-e-sport-csapata-a-vilag-egyik-legrangosabb-virtualis-versenyet\/\" >Gy\u0151zelem \u00e9s nemzetk\u00f6zi elismer\u00e9s: nagy sikerrel z\u00e1rta a Sz\u00e9chenyi Istv\u00e1n Egyetem e-sport-csapata a vil\u00e1g egyik legrangosabb virtu\u00e1lis verseny\u00e9t<\/a><\/li><li><a href=\"https:\/\/esport.sze.hu\/en\/eredmenyek\/ujabb-bajnoki-cim-mihalidesz-mate-megnyerte-a-kh-sim-liga-2025-os-szezonjat\/\" >\u00dajabb bajnoki c\u00edm: Mihalidesz M\u00e1t\u00e9 megnyerte a K&#038;H SIM Liga 2025-\u00f6s szezonj\u00e1t<\/a><\/li><li><a href=\"https:\/\/esport.sze.hu\/en\/eredmenyek\/harom-magyar-versenyzo-a-chicagoi-sim-gaming-expo-challenge-series-lan-dontojeben\/\" >H\u00e1rom magyar versenyz\u0151 a chicag\u00f3i Sim Gaming Expo \u2013 Challenge Series LAN d\u00f6nt\u0151j\u00e9ben<\/a><\/li><li><a href=\"https:\/\/esport.sze.hu\/en\/eredmenyek\/chicagoi-sikertortenet-rangos-nemzetkozi-versenyen-remekelt-a-sze-szimulatorcsapata\/\" >Chicag\u00f3i sikert\u00f6rt\u00e9net: rangos nemzetk\u00f6zi versenyen remekelt a SZE szimul\u00e1torcsapata<\/a><\/li><li><a href=\"https:\/\/esport.sze.hu\/en\/eredmenyek\/nemzetkozi-sikerek-a-vilag-elvonalaba-kerult-a-sze-szimulatorcsapata\/\" >Nemzetk\u00f6zi sikerek: a vil\u00e1g \u00e9lvonal\u00e1ba ker\u00fclt a SZE szimul\u00e1torcsapata<\/a><\/li><\/ul><\/div><br \/><div class=\"aioseo-html-page-sitemap\"><h4>Pages<\/h4><ul><li><a href=\"https:\/\/esport.sze.hu\/en\/szerencsekerek\/\" >Szerencseker\u00e9k<\/a><\/li><li><a href=\"https:\/\/esport.sze.hu\/en\/\" >SZESE E-Sport<\/a><\/li><li><a href=\"https:\/\/esport.sze.hu\/en\/e-sport-pillanatok\/\" >E-Sport pillanatok<\/a><\/li><li><a href=\"https:\/\/esport.sze.hu\/en\/adatkezelesi-tajekoztato\/\" >Adatkezel\u00e9si t\u00e1j\u00e9koztat\u00f3<\/a><\/li><li><a href=\"https:\/\/esport.sze.hu\/en\/gamer-vagy-csatlakozz-hozzank\/\" >Csatlakozz hozz\u00e1nk<\/a><\/li><li><a href=\"https:\/\/esport.sze.hu\/en\/kapcsolat\/\" >Kapcsolat<\/a><\/li><li><a href=\"https:\/\/esport.sze.hu\/en\/weboldal-terkep\/\" >Weboldal t\u00e9rk\u00e9p<\/a><\/li><li><a href=\"https:\/\/esport.sze.hu\/en\/impresszum\/\" >Impresszum<\/a><\/li><li><a href=\"https:\/\/esport.sze.hu\/en\/hirek\/\" >H\u00edrek<\/a><\/li><li><a href=\"https:\/\/esport.sze.hu\/en\/teremhasznalati-szabalyzat\/\" >Teremhaszn\u00e1lati szab\u00e1lyzat<\/a><\/li><li><a href=\"https:\/\/esport.sze.hu\/en\/hirlevel\/\" >H\u00edrlev\u00e9l<\/a><\/li><li><a href=\"https:\/\/esport.sze.hu\/en\/hirlevel-profil\/\" >H\u00edrlev\u00e9l profil<\/a><\/li><li><a href=\"https:\/\/esport.sze.hu\/en\/teremfoglaltsag\/\" >Teremfoglalts\u00e1g<\/a><\/li><\/ul><\/div><br \/><div class=\"aioseo-html-tribe_events-sitemap\"><h4>Events<\/h4><ul><li><a href=\"https:\/\/esport.sze.hu\/en\/esemeny\/ogex-gyor\/\" >OGEX &#8211; Gy\u0151r<\/a><\/li><\/ul><\/div><br \/><div class=\"aioseo-html-avada_portfolio-sitemap\"><h4>Portfolio<\/h4><ul><li><a href=\"https:\/\/esport.sze.hu\/en\/portfolio\/szimulator\/\" >Szimul\u00e1tor<\/a><\/li><li><a href=\"https:\/\/esport.sze.hu\/en\/portfolio\/rocket-league\/\" >Rocket League<\/a><\/li><li><a href=\"https:\/\/esport.sze.hu\/en\/portfolio\/league-of-legends\/\" >League of Legends<\/a><\/li><li><a href=\"https:\/\/esport.sze.hu\/en\/portfolio\/valorant\/\" >Valorant<\/a><\/li><li><a href=\"https:\/\/esport.sze.hu\/en\/portfolio\/ea-fc-clubs\/\" >EA FC Clubs<\/a><\/li><li><a href=\"https:\/\/esport.sze.hu\/en\/portfolio\/counter-strike-2\/\" >Counter-Strike 2<\/a><\/li><\/ul><\/div><br \/><div class=\"aioseo-html-category-sitemap\"><h4>Categories<\/h4><ul><li><a href=\"https:\/\/esport.sze.hu\/en\/category\/egyeb\/\" >Egy\u00e9b<\/a><\/li><li><a href=\"https:\/\/esport.sze.hu\/en\/category\/eredmenyek\/\" >Eredm\u00e9nyek<\/a><ul><li><a href=\"https:\/\/esport.sze.hu\/en\/category\/eredmenyek\/szimulator\/\" >Szimul\u00e1tor<\/a><\/li><\/ul><\/li><li><a href=\"https:\/\/esport.sze.hu\/en\/category\/rendezvenyek\/\" >Rendezv\u00e9nyek<\/a><\/li><\/ul><\/div><br \/><div class=\"aioseo-html-post_tag-sitemap\"><h4>Tags<\/h4><ul><li><a href=\"https:\/\/esport.sze.hu\/en\/tag\/playit-show\/\" >PlayIT Show<\/a><\/li><li><a href=\"https:\/\/esport.sze.hu\/en\/tag\/counter-strike\/\" >Counter-Strike<\/a><\/li><li><a href=\"https:\/\/esport.sze.hu\/en\/tag\/szimulator\/\" >Szimul\u00e1tor<\/a><\/li><li><a href=\"https:\/\/esport.sze.hu\/en\/tag\/egyuttmukodes\/\" >Egy\u00fcttm\u0171k\u00f6d\u00e9s<\/a><\/li><li><a href=\"https:\/\/esport.sze.hu\/en\/tag\/valorant\/\" >Valorant<\/a><\/li><li><a href=\"https:\/\/esport.sze.hu\/en\/tag\/eafc\/\" >EAFC<\/a><\/li><li><a href=\"https:\/\/esport.sze.hu\/en\/tag\/lol\/\" >LoL<\/a><\/li><li><a href=\"https:\/\/esport.sze.hu\/en\/tag\/samsunggamer-racing-day\/\" >SamsunGGamer Racing Day<\/a><\/li><li><a href=\"https:\/\/esport.sze.hu\/en\/tag\/ogex\/\" >OGEX<\/a><\/li><li><a href=\"https:\/\/esport.sze.hu\/en\/tag\/educatio\/\" >Educatio<\/a><\/li><li><a href=\"https:\/\/esport.sze.hu\/en\/tag\/e-sport-kupa\/\" >E-sport Kupa<\/a><\/li><\/ul><\/div><br \/><div class=\"aioseo-html-portfolio_category-sitemap\"><h4>Portfolio Categories<\/h4><ul><li><a href=\"https:\/\/esport.sze.hu\/en\/portfolio_category\/csapat\/\" >Csapat<\/a><\/li><\/ul><\/div><br \/><\/div>\n<\/div><\/div><\/div><\/div><\/div>","protected":false},"excerpt":{"rendered":"","protected":false},"author":4,"featured_media":0,"parent":0,"menu_order":0,"comment_status":"closed","ping_status":"closed","template":"100-width.php","meta":{"_acf_changed":false,"_monsterinsights_skip_tracking":false,"_monsterinsights_sitenote_active":false,"_monsterinsights_sitenote_note":"","_monsterinsights_sitenote_category":0,"_price":"","_stock":"","_tribe_ticket_header":"","_tribe_default_ticket_provider":"","_tribe_ticket_capacity":"0","_ticket_start_date":"","_ticket_end_date":"","_tribe_ticket_show_description":"","_tribe_ticket_show_not_going":false,"_tribe_ticket_use_global_stock":"","_tribe_ticket_global_stock_level":"","_global_stock_mode":"","_global_stock_cap":"","_tribe_rsvp_for_event":"","_tribe_ticket_going_count":"","_tribe_ticket_not_going_count":"","_tribe_tickets_list":"[]","_tribe_ticket_has_attendee_info_fields":false,"footnotes":""},"class_list":["post-3366","page","type-page","status-publish","hentry"],"acf":[],"aioseo_notices":[],"_links":{"self":[{"href":"https:\/\/esport.sze.hu\/en\/wp-json\/wp\/v2\/pages\/3366","targetHints":{"allow":["GET"]}}],"collection":[{"href":"https:\/\/esport.sze.hu\/en\/wp-json\/wp\/v2\/pages"}],"about":[{"href":"https:\/\/esport.sze.hu\/en\/wp-json\/wp\/v2\/types\/page"}],"author":[{"embeddable":true,"href":"https:\/\/esport.sze.hu\/en\/wp-json\/wp\/v2\/users\/4"}],"replies":[{"embeddable":true,"href":"https:\/\/esport.sze.hu\/en\/wp-json\/wp\/v2\/comments?post=3366"}],"version-history":[{"count":5,"href":"https:\/\/esport.sze.hu\/en\/wp-json\/wp\/v2\/pages\/3366\/revisions"}],"predecessor-version":[{"id":3681,"href":"https:\/\/esport.sze.hu\/en\/wp-json\/wp\/v2\/pages\/3366\/revisions\/3681"}],"wp:attachment":[{"href":"https:\/\/esport.sze.hu\/en\/wp-json\/wp\/v2\/media?parent=3366"}],"curies":[{"name":"wp","href":"https:\/\/api.w.org\/{rel}","templated":true}]}}